{"id":1188,"date":"2024-03-12T08:24:49","date_gmt":"2024-03-12T07:24:49","guid":{"rendered":"https:\/\/carrieres-vmcv.ch\/aspiring-driver\/"},"modified":"2024-09-26T12:09:46","modified_gmt":"2024-09-26T10:09:46","slug":"aspiring-driver","status":"publish","type":"page","link":"https:\/\/carrieres-vmcv.ch\/en\/aspiring-driver\/","title":{"rendered":"Aspiring driver"},"content":{"rendered":"\n<div class=\"wp-block-cover is-light  \" style=\"margin-top:var(--wp--preset--spacing--20);margin-bottom:var(--wp--preset--spacing--80)\"><span aria-hidden=\"true\" class=\"wp-block-cover__background has-background-dim-0 has-background-dim\"><\/span><img loading=\"lazy\" decoding=\"async\" width=\"2560\" height=\"805\" class=\"wp-block-cover__image-background wp-image-968\" alt=\"Vmcv Bandeau Programme Aspirant Conducteur@3x 1\" src=\"https:\/\/carrieres-vmcv.ch\/wp-content\/uploads\/2024\/03\/vmcv-bandeau-programme-aspirant-conducteur@3x-1-scaled.jpg\" data-object-fit=\"cover\" srcset=\"https:\/\/carrieres-vmcv.ch\/wp-content\/uploads\/2024\/03\/vmcv-bandeau-programme-aspirant-conducteur@3x-1-scaled.jpg 2560w, https:\/\/carrieres-vmcv.ch\/wp-content\/uploads\/2024\/03\/vmcv-bandeau-programme-aspirant-conducteur@3x-1-300x94.jpg 300w, https:\/\/carrieres-vmcv.ch\/wp-content\/uploads\/2024\/03\/vmcv-bandeau-programme-aspirant-conducteur@3x-1-1024x322.jpg 1024w, https:\/\/carrieres-vmcv.ch\/wp-content\/uploads\/2024\/03\/vmcv-bandeau-programme-aspirant-conducteur@3x-1-768x242.jpg 768w, https:\/\/carrieres-vmcv.ch\/wp-content\/uploads\/2024\/03\/vmcv-bandeau-programme-aspirant-conducteur@3x-1-1536x483.jpg 1536w, https:\/\/carrieres-vmcv.ch\/wp-content\/uploads\/2024\/03\/vmcv-bandeau-programme-aspirant-conducteur@3x-1-2048x644.jpg 2048w\" sizes=\"(max-width: 2560px) 100vw, 2560px\" \/><div class=\"wp-block-cover__inner-container is-layout-constrained wp-block-cover-is-layout-constrained\">\n<h1 class=\"wp-block-heading has-text-align-center has-theme-white-color has-text-color has-link-color has-poppins-font-family has-big-font-size wp-elements-d99cf4c9532a89fe616dcfaeb7aab0ec\" style=\"font-style:normal;font-weight:700\">Program  <\/h1>\n\n\n\n<h1 class=\"wp-block-heading has-text-align-center has-theme-white-color has-text-color has-link-color has-poppins-font-family has-big-font-size wp-elements-6a02e03c1819cf8d3e298b5a1c236ee9\" style=\"font-style:normal;font-weight:700\">&#8220;Aspiring driver&#8221;<\/h1>\n<\/div><\/div>\n\n\n\n<h2 class=\"wp-block-heading has-text-align-center c-heading is-style-underline has-poppins-font-family  \" style=\"margin-bottom:var(--wp--preset--spacing--50);padding-top:0;padding-bottom:0\">Aspiring driver: your new professional destination<\/h2>\n\n\n      <div class=\"wp-block-habefast-advanced-layout\">\r\n        <div class=\"wp-block-habefast-advanced-layout-container is-layout-constrained\" >\r\n          \n      <div style=\"--_hfal-cs-w-lg:wrap;--_hfal-cs-cw-lg:50%;--_hfal-cs-w-md:wrap;--_hfal-cs-w-sm:wrap;--_hfal-cs-cw-md:50%;--_hfal-cs-cw-sm:50%;\" class=\"wp-block-habefast-advanced-layout-cols\">\r\n        <div class=\"wp-block-habefast-advanced-layout-cols-flex\">\r\n          \n      <div style=\"--_hfal-c-d-lg:flex;--_hfal-c-w-lg:100%;--_hfal-c-w-sm:100%;--_hfal-c-p-r-lg:var(--wp--preset--spacing--120);--_hfal-c-p-l-lg:var(--wp--preset--spacing--120);--_hfal-c-p-t-md:0;--_hfal-c-p-r-md:var(--wp--preset--spacing--80);--_hfal-c-p-b-md:0;--_hfal-c-p-l-md:var(--wp--preset--spacing--80);--_hfal-c-p-t-sm:0;--_hfal-c-p-r-sm:var(--wp--preset--spacing--30);--_hfal-c-p-b-sm:0;--_hfal-c-p-l-sm:var(--wp--preset--spacing--30);--_hfal-c-d-md:flex;--_hfal-c-d-sm:flex;--_hfal-c-w-md:100%;\" class=\"wp-block-habefast-advanced-layout-col\">\r\n        <div class=\"wp-block-habefast-advanced-layout-col-container is-layout-flow\">\r\n          \n\n<p class=\"has-text-align-center  \" style=\"padding-right:var(--wp--preset--spacing--50);padding-left:var(--wp--preset--spacing--50)\">The &#8220;Aspiring driver&#8221; program is designed to support young professionals and people looking to retrain for a career as a qualified bus driver.<\/p>\n\n        <\/div>\r\n      <\/div>\r\n      \n        <\/div>\r\n      <\/div>\r\n      \n        <\/div>\r\n      <\/div>\r\n      \n\n      <div class=\"wp-block-habefast-advanced-layout\">\r\n        <div class=\"wp-block-habefast-advanced-layout-container is-layout-constrained\"  style='--_hfal-l-m-b-lg:var(--wp--preset--spacing--80);--_hfal-l-m-t-lg:var(--wp--preset--spacing--80);--_hfal-l-p-l-lg:var(--wp--preset--spacing--20);--_hfal-l-p-r-lg:var(--wp--preset--spacing--20);--_hfal-l-m-b-md:var(--wp--preset--spacing--80);--_hfal-l-m-b-sm:var(--wp--preset--spacing--80);--_hfal-l-m-t-md:var(--wp--preset--spacing--80);--_hfal-l-m-t-sm:var(--wp--preset--spacing--80);--_hfal-l-p-l-md:var(--wp--preset--spacing--20);--_hfal-l-p-l-sm:var(--wp--preset--spacing--20);--_hfal-l-p-r-md:var(--wp--preset--spacing--20);--_hfal-l-p-r-sm:var(--wp--preset--spacing--20);'>\r\n          \n      <div style=\"--_hfal-cs-w-lg:wrap;--_hfal-cs-cw-lg:50%;--_hfal-cs-va-lg:center;--_hfal-cs-j-lg:center;--_hfal-cs-w-md:wrap;--_hfal-cs-w-sm:wrap;--_hfal-cs-cw-md:50%;--_hfal-cs-cw-sm:50%;--_hfal-cs-va-md:center;--_hfal-cs-va-sm:center;--_hfal-cs-j-md:center;--_hfal-cs-j-sm:center;\" class=\"wp-block-habefast-advanced-layout-cols\">\r\n        <div class=\"wp-block-habefast-advanced-layout-cols-flex\">\r\n          \n      <div style=\"--_hfal-c-d-lg:flex;--_hfal-c-w-lg:35%;--_hfal-c-w-sm:100%;--_hfal-c-m-t-md:0;--_hfal-c-m-r-md:0;--_hfal-c-m-b-md:0;--_hfal-c-m-l-md:0;--_hfal-c-d-md:flex;--_hfal-c-d-sm:flex;--_hfal-c-w-md:35%;--_hfal-c-m-t-sm:0;--_hfal-c-m-r-sm:0;--_hfal-c-m-b-sm:0;--_hfal-c-m-l-sm:0;\" class=\"wp-block-habefast-advanced-layout-col\">\r\n        <div class=\"wp-block-habefast-advanced-layout-col-container is-layout-flow\">\r\n          \n\n<figure class=\"wp-block-image aligncenter size-full is-resized  \"><img loading=\"lazy\" decoding=\"async\" width=\"1389\" height=\"1092\" src=\"https:\/\/carrieres-vmcv.ch\/wp-content\/uploads\/2024\/03\/vmcv-bandeau-emploi-chauffeur-de-bus-image-01@3x.jpg\" alt=\"Vmcv Bandeau Emploi Chauffeur De Bus Image 01\" class=\"wp-image-833\" style=\"width:463px\" srcset=\"https:\/\/carrieres-vmcv.ch\/wp-content\/uploads\/2024\/03\/vmcv-bandeau-emploi-chauffeur-de-bus-image-01@3x.jpg 1389w, https:\/\/carrieres-vmcv.ch\/wp-content\/uploads\/2024\/03\/vmcv-bandeau-emploi-chauffeur-de-bus-image-01@3x-300x236.jpg 300w, https:\/\/carrieres-vmcv.ch\/wp-content\/uploads\/2024\/03\/vmcv-bandeau-emploi-chauffeur-de-bus-image-01@3x-1024x805.jpg 1024w, https:\/\/carrieres-vmcv.ch\/wp-content\/uploads\/2024\/03\/vmcv-bandeau-emploi-chauffeur-de-bus-image-01@3x-768x604.jpg 768w\" sizes=\"(max-width: 1389px) 100vw, 1389px\" \/><\/figure>\n\n        <\/div>\r\n      <\/div>\r\n      \n\n      <div style=\"--_hfal-c-d-lg:flex;--_hfal-c-w-lg:65%;--_hfal-c-w-sm:100%;--_hfal-c-d-md:flex;--_hfal-c-w-md:50%;--_hfal-c-m-t-md:var(--wp--preset--spacing--20);--_hfal-c-m-r-md:0;--_hfal-c-m-b-md:0;--_hfal-c-m-l-md:0;--_hfal-c-d-sm:flex;--_hfal-c-m-t-sm:var(--wp--preset--spacing--20);--_hfal-c-m-r-sm:0;--_hfal-c-m-b-sm:0;--_hfal-c-m-l-sm:0;\" class=\"wp-block-habefast-advanced-layout-col\">\r\n        <div class=\"wp-block-habefast-advanced-layout-col-container is-layout-flow\">\r\n          \n\n<div class=\"wp-block-group has-small-font-size is-vertical is-layout-flex wp-container-core-group-is-layout-c5c807c2 wp-block-group-is-layout-flex\" style=\"padding-top:0;padding-right:var(--wp--preset--spacing--50);padding-bottom:0;padding-left:var(--wp--preset--spacing--50)\">\n<p class=\"\">This course aims to provide comprehensive training, covering not only the essential technical skills, but also the specifics of driving VMCV vehicles.<\/p>\n\n\n\n<p class=\"has-poppins-font-family has-small-font-size  \">Throughout the program, aspiring drivers acquire the necessary knowledge of safety, regulations and customer service, while learning about the challenges of the driving profession.<\/p>\n\n\n\n<p class=\"has-poppins-font-family  \">This training represents a gateway to a rewarding career within our company, offering a dynamic and modern working environment, and giving future drivers the opportunity to actively contribute to the development of the Riviera region and its inhabitants.<\/p>\n<\/div>\n\n        <\/div>\r\n      <\/div>\r\n      \n        <\/div>\r\n      <\/div>\r\n      \n        <\/div>\r\n      <\/div>\r\n      \n\n\n<div class=\"wp-block-group alignfull has-theme-light-grey-background-color has-background is-layout-constrained wp-container-core-group-is-layout-46ceda31 wp-block-group-is-layout-constrained\" style=\"margin-top:var(--wp--preset--spacing--20);padding-top:var(--wp--preset--spacing--100);padding-right:var(--wp--preset--spacing--30);padding-bottom:var(--wp--preset--spacing--80);padding-left:var(--wp--preset--spacing--30)\">\n<h2 class=\"wp-block-heading alignfull has-text-align-center is-style-underline has-poppins-font-family  hf_animated fade_left default \" style=\"margin-bottom:var(--wp--preset--spacing--20)\">Prerequisites for applying to the program<\/h2>\n\n\n      <div class=\"wp-block-habefast-advanced-layout\">\r\n        <div class=\"wp-block-habefast-advanced-layout-container is-layout-constrained\"  style='--_hfal-l-m-t-sm:0;--_hfal-l-m-r-sm:0;--_hfal-l-m-b-sm:0;--_hfal-l-m-l-sm:0;'>\r\n          \n      <div style=\"--_hfal-cs-w-lg:wrap;--_hfal-cs-cw-lg:50%;--_hfal-cs-w-md:wrap;--_hfal-cs-w-sm:wrap;--_hfal-cs-cw-md:50%;--_hfal-cs-cw-sm:50%;\" class=\"wp-block-habefast-advanced-layout-cols\">\r\n        <div class=\"wp-block-habefast-advanced-layout-cols-flex\">\r\n          \n      <div style=\"--_hfal-c-d-lg:flex;--_hfal-c-w-lg:100%;--_hfal-c-w-sm:100%;--_hfal-c-p-r-lg:var(--wp--preset--spacing--120);--_hfal-c-p-l-lg:var(--wp--preset--spacing--120);--_hfal-c-p-t-md:0;--_hfal-c-p-r-md:var(--wp--preset--spacing--80);--_hfal-c-p-b-md:0;--_hfal-c-p-l-md:var(--wp--preset--spacing--80);--_hfal-c-p-t-sm:0;--_hfal-c-p-r-sm:var(--wp--preset--spacing--30);--_hfal-c-p-b-sm:0;--_hfal-c-p-l-sm:var(--wp--preset--spacing--30);--_hfal-c-d-md:flex;--_hfal-c-d-sm:flex;--_hfal-c-w-md:100%;\" class=\"wp-block-habefast-advanced-layout-col\">\r\n        <div class=\"wp-block-habefast-advanced-layout-col-container is-layout-flow\">\r\n          \n\n<p class=\"has-text-align-center has-poppins-font-family  \" style=\"margin-bottom:0\">To be eligible for the &#8220;Aspiring Driver&#8221; program, candidates must meet the following prerequisites:<\/p>\n\n        <\/div>\r\n      <\/div>\r\n      \n        <\/div>\r\n      <\/div>\r\n      \n        <\/div>\r\n      <\/div>\r\n      \n\n      <div class=\"wp-block-habefast-advanced-layout\">\r\n        <div class=\"wp-block-habefast-advanced-layout-container is-layout-constrained\"  style='--_hfal-l-m-b-lg:0;--_hfal-l-m-t-md:0;--_hfal-l-m-r-md:0;--_hfal-l-m-b-md:var(--wp--preset--spacing--30);--_hfal-l-m-l-md:0;--_hfal-l-m-t-sm:0;--_hfal-l-m-r-sm:0;--_hfal-l-m-b-sm:var(--wp--preset--spacing--30);--_hfal-l-m-l-sm:0;--_hfal-l-p-t-md:0;--_hfal-l-p-r-md:0;--_hfal-l-p-b-md:var(--wp--preset--spacing--50);--_hfal-l-p-l-md:0;--_hfal-l-p-t-sm:0;--_hfal-l-p-r-sm:0;--_hfal-l-p-b-sm:var(--wp--preset--spacing--50);--_hfal-l-p-l-sm:0;'>\r\n          \n      <div style=\"--_hfal-cs-w-lg:wrap;--_hfal-cs-cw-lg:25%;--_hfal-cs-p-r-lg:var(--wp--preset--spacing--20);--_hfal-cs-p-l-lg:var(--wp--preset--spacing--20);--_hfal-cs-m-b-lg:var(--wp--preset--spacing--30);--_hfal-cs-m-t-sm:var(--wp--preset--spacing--80);--_hfal-cs-m-r-sm:0;--_hfal-cs-m-b-sm:0;--_hfal-cs-m-l-sm:0;--_hfal-cs-g-h-sm:0;--_hfal-cs-g-v-sm:0;--_hfal-cs-g-v-lg:var(--wp--preset--spacing--50);--_hfal-cs-cw-md:50%;--_hfal-cs-p-t-sm:0;--_hfal-cs-p-r-sm:0;--_hfal-cs-p-b-sm:0;--_hfal-cs-p-l-sm:0;--_hfal-cs-w-md:wrap;--_hfal-cs-w-sm:wrap;--_hfal-cs-cw-sm:50%;--_hfal-cs-p-r-md:var(--wp--preset--spacing--20);--_hfal-cs-p-l-md:var(--wp--preset--spacing--20);--_hfal-cs-m-b-md:var(--wp--preset--spacing--30);--_hfal-cs-g-v-md:var(--wp--preset--spacing--50);\" class=\" has-gap wp-block-habefast-advanced-layout-cols\">\r\n        <div class=\"wp-block-habefast-advanced-layout-cols-flex\">\r\n          \n      <div style=\"--_hfal-c-d-lg:flex;--_hfal-c-w-lg:25%;--_hfal-c-w-sm:100%;--_hfal-c-w-md:50%;--_hfal-c-p-t-sm:0;--_hfal-c-p-r-sm:0;--_hfal-c-p-b-sm:0;--_hfal-c-p-l-sm:0;--_hfal-c-m-t-sm:0;--_hfal-c-m-r-sm:0;--_hfal-c-m-b-sm:0;--_hfal-c-m-l-sm:0;--_hfal-c-d-md:flex;--_hfal-c-d-sm:flex;\" class=\"wp-block-habefast-advanced-layout-col\">\r\n        <div class=\"wp-block-habefast-advanced-layout-col-container is-layout-flow hf_animated fade_bottom none default\">\r\n          \n\n<div class=\"wp-block-group is-layout-constrained wp-block-group-is-layout-constrained\" style=\"margin-bottom:var(--wp--preset--spacing--20)\">\n<figure class=\"wp-block-image aligncenter size-full  \"><img loading=\"lazy\" decoding=\"async\" width=\"84\" height=\"84\" src=\"https:\/\/carrieres-vmcv.ch\/wp-content\/uploads\/2024\/03\/vmcv-emploi-picto-age.svg\" alt=\"Vmcv Emploi Picto Age\" class=\"wp-image-887\"\/><\/figure>\n<\/div>\n\n\n\n<p class=\"has-text-align-center has-poppins-font-family has-small-font-size  \" style=\"font-style:normal;font-weight:600\"><br>21 years of age or older<\/p>\n\n        <\/div>\r\n      <\/div>\r\n      \n\n      <div style=\"--_hfal-c-d-lg:flex;--_hfal-c-w-lg:25%;--_hfal-c-w-sm:100%;--_hfal-c-w-md:50%;--_hfal-c-d-md:flex;--_hfal-c-d-sm:flex;\" class=\"wp-block-habefast-advanced-layout-col\">\r\n        <div class=\"wp-block-habefast-advanced-layout-col-container is-layout-flow hf_animated fade_bottom none default\">\r\n          \n\n<div class=\"wp-block-group is-layout-constrained wp-block-group-is-layout-constrained\" style=\"margin-bottom:var(--wp--preset--spacing--20)\">\n<figure class=\"wp-block-image aligncenter size-full  \"><img loading=\"lazy\" decoding=\"async\" width=\"84\" height=\"84\" src=\"https:\/\/carrieres-vmcv.ch\/wp-content\/uploads\/2024\/03\/vmcv-emploi-picto-certificat.svg\" alt=\"Vmcv Employment Picto Certificate\" class=\"wp-image-889\"\/><\/figure>\n<\/div>\n\n\n\n<p class=\"has-text-align-center has-poppins-font-family  \" style=\"font-style:normal;font-weight:600\">Hold a Certificat <br>F\u00e9d\u00e9ral de Capacit\u00e9 (CFC) <br>or a qualification deemed <br>equivalent.<\/p>\n\n        <\/div>\r\n      <\/div>\r\n      \n\n      <div style=\"--_hfal-c-d-lg:flex;--_hfal-c-w-lg:25%;--_hfal-c-w-sm:100%;--_hfal-c-w-md:50%;--_hfal-c-d-md:flex;--_hfal-c-d-sm:flex;\" class=\"wp-block-habefast-advanced-layout-col\">\r\n        <div class=\"wp-block-habefast-advanced-layout-col-container is-layout-flow hf_animated fade_bottom none default\">\r\n          \n\n<div class=\"wp-block-group is-layout-constrained wp-block-group-is-layout-constrained\" style=\"margin-bottom:var(--wp--preset--spacing--20)\">\n<figure class=\"wp-block-image aligncenter size-full  \"><img loading=\"lazy\" decoding=\"async\" width=\"84\" height=\"84\" src=\"https:\/\/carrieres-vmcv.ch\/wp-content\/uploads\/2024\/03\/vmcv-emploi-picto-permis.svg\" alt=\"Vmcv Emploi Picto Permis\" class=\"wp-image-890\"\/><\/figure>\n<\/div>\n\n\n\n<p class=\"has-text-align-center has-poppins-font-family  \" style=\"font-style:normal;font-weight:600\">Hold a valid category B or C driving licence<\/p>\n\n        <\/div>\r\n      <\/div>\r\n      \n\n      <div style=\"--_hfal-c-d-lg:flex;--_hfal-c-w-lg:25%;--_hfal-c-w-sm:100%;--_hfal-c-w-md:50%;--_hfal-c-d-md:flex;--_hfal-c-d-sm:flex;\" class=\"wp-block-habefast-advanced-layout-col\">\r\n        <div class=\"wp-block-habefast-advanced-layout-col-container is-layout-flow hf_animated fade_bottom none default\">\r\n          \n\n<div class=\"wp-block-group is-layout-constrained wp-container-core-group-is-layout-547748db wp-block-group-is-layout-constrained\" style=\"margin-bottom:var(--wp--preset--spacing--20)\">\n<figure class=\"wp-block-image aligncenter size-full  \"><img loading=\"lazy\" decoding=\"async\" width=\"84\" height=\"84\" src=\"https:\/\/carrieres-vmcv.ch\/wp-content\/uploads\/2024\/03\/vmcv-emploi-picto-casier-judiciaire.svg\" alt=\"Vmcv Employment Picto Criminal record\" class=\"wp-image-891\"\/><\/figure>\n<\/div>\n\n\n\n<p class=\"has-text-align-center  \" style=\"font-style:normal;font-weight:600\">Have a clean criminal record <br>and a clean record of <br>administrative <br>road traffic measures (SIAC)<\/p>\n\n        <\/div>\r\n      <\/div>\r\n      \n        <\/div>\r\n      <\/div>\r\n      \n        <\/div>\r\n      <\/div>\r\n      \n\n\n<div class=\"wp-block-buttons is-content-justification-center is-layout-flex wp-container-core-buttons-is-layout-f3767f4c wp-block-buttons-is-layout-flex\" style=\"margin-top:var(--wp--preset--spacing--20)\">\n<div class=\"wp-block-button is-style-Blue is-style-back-blue has-poppins-font-family  \"><a class=\"wp-block-button__link has-text-align-center wp-element-button\" href=\"https:\/\/carrieres-vmcv.ch\/en\/apply\/\">Apply<\/a><\/div>\n<\/div>\n<\/div>\n","protected":false},"excerpt":{"rendered":"<p>Aspiring driver: your new professional destination Prerequisites for applying to the program<\/p>\n","protected":false},"author":1,"featured_media":0,"parent":0,"menu_order":0,"comment_status":"closed","ping_status":"closed","template":"","meta":{"_habefastfse_class":"","footnotes":""},"class_list":["post-1188","page","type-page","status-publish","hentry"],"yoast_head":"<!-- This site is optimized with the Yoast SEO plugin v25.8 - https:\/\/yoast.com\/wordpress\/plugins\/seo\/ -->\n<title>Bus driver training | VMCV<\/title>\n<meta name=\"description\" content=\"Join the &quot;Aspirant Driver&quot; program to turn your passion for driving into a career as a qualified bus driver.\" \/>\n<meta name=\"robots\" content=\"index, follow, max-snippet:-1, max-image-preview:large, max-video-preview:-1\" \/>\n<link rel=\"canonical\" href=\"https:\/\/carrieres-vmcv.ch\/en\/aspiring-driver\/\" \/>\n<meta property=\"og:locale\" content=\"en_US\" \/>\n<meta property=\"og:type\" content=\"article\" \/>\n<meta property=\"og:title\" content=\"Bus driver training | VMCV\" \/>\n<meta property=\"og:description\" content=\"Join the &quot;Aspirant Driver&quot; program to turn your passion for driving into a career as a qualified bus driver.\" \/>\n<meta property=\"og:url\" content=\"https:\/\/carrieres-vmcv.ch\/en\/aspiring-driver\/\" \/>\n<meta property=\"og:site_name\" content=\"VMCV\" \/>\n<meta property=\"article:modified_time\" content=\"2024-09-26T10:09:46+00:00\" \/>\n<meta property=\"og:image\" content=\"https:\/\/carrieres-vmcv.ch\/wp-content\/uploads\/2024\/03\/vmcv-bandeau-programme-aspirant-conducteur@3x-1-scaled.jpg\" \/>\n<meta name=\"twitter:card\" content=\"summary_large_image\" \/>\n<meta name=\"twitter:label1\" content=\"Est. reading time\" \/>\n\t<meta name=\"twitter:data1\" content=\"3 minutes\" \/>\n<script type=\"application\/ld+json\" class=\"yoast-schema-graph\">{\"@context\":\"https:\/\/schema.org\",\"@graph\":[{\"@type\":\"WebPage\",\"@id\":\"https:\/\/carrieres-vmcv.ch\/en\/aspiring-driver\/\",\"url\":\"https:\/\/carrieres-vmcv.ch\/en\/aspiring-driver\/\",\"name\":\"Bus driver training | VMCV\",\"isPartOf\":{\"@id\":\"https:\/\/carrieres-vmcv.ch\/en\/#website\"},\"primaryImageOfPage\":{\"@id\":\"https:\/\/carrieres-vmcv.ch\/en\/aspiring-driver\/#primaryimage\"},\"image\":{\"@id\":\"https:\/\/carrieres-vmcv.ch\/en\/aspiring-driver\/#primaryimage\"},\"thumbnailUrl\":\"https:\/\/carrieres-vmcv.ch\/wp-content\/uploads\/2024\/03\/vmcv-bandeau-programme-aspirant-conducteur@3x-1-scaled.jpg\",\"datePublished\":\"2024-03-12T07:24:49+00:00\",\"dateModified\":\"2024-09-26T10:09:46+00:00\",\"description\":\"Join the \\\"Aspirant Driver\\\" program to turn your passion for driving into a career as a qualified bus driver.\",\"breadcrumb\":{\"@id\":\"https:\/\/carrieres-vmcv.ch\/en\/aspiring-driver\/#breadcrumb\"},\"inLanguage\":\"en-US\",\"potentialAction\":[{\"@type\":\"ReadAction\",\"target\":[\"https:\/\/carrieres-vmcv.ch\/en\/aspiring-driver\/\"]}]},{\"@type\":\"ImageObject\",\"inLanguage\":\"en-US\",\"@id\":\"https:\/\/carrieres-vmcv.ch\/en\/aspiring-driver\/#primaryimage\",\"url\":\"https:\/\/carrieres-vmcv.ch\/wp-content\/uploads\/2024\/03\/vmcv-bandeau-programme-aspirant-conducteur@3x-1-scaled.jpg\",\"contentUrl\":\"https:\/\/carrieres-vmcv.ch\/wp-content\/uploads\/2024\/03\/vmcv-bandeau-programme-aspirant-conducteur@3x-1-scaled.jpg\"},{\"@type\":\"BreadcrumbList\",\"@id\":\"https:\/\/carrieres-vmcv.ch\/en\/aspiring-driver\/#breadcrumb\",\"itemListElement\":[{\"@type\":\"ListItem\",\"position\":1,\"name\":\"Accueil\",\"item\":\"https:\/\/carrieres-vmcv.ch\/en\/\"},{\"@type\":\"ListItem\",\"position\":2,\"name\":\"Aspiring driver\"}]},{\"@type\":\"WebSite\",\"@id\":\"https:\/\/carrieres-vmcv.ch\/en\/#website\",\"url\":\"https:\/\/carrieres-vmcv.ch\/en\/\",\"name\":\"VMCV\",\"description\":\"\",\"publisher\":{\"@id\":\"https:\/\/carrieres-vmcv.ch\/en\/#organization\"},\"potentialAction\":[{\"@type\":\"SearchAction\",\"target\":{\"@type\":\"EntryPoint\",\"urlTemplate\":\"https:\/\/carrieres-vmcv.ch\/en\/?s={search_term_string}\"},\"query-input\":{\"@type\":\"PropertyValueSpecification\",\"valueRequired\":true,\"valueName\":\"search_term_string\"}}],\"inLanguage\":\"en-US\"},{\"@type\":\"Organization\",\"@id\":\"https:\/\/carrieres-vmcv.ch\/en\/#organization\",\"name\":\"VMCV\",\"url\":\"https:\/\/carrieres-vmcv.ch\/en\/\",\"logo\":{\"@type\":\"ImageObject\",\"inLanguage\":\"en-US\",\"@id\":\"https:\/\/carrieres-vmcv.ch\/en\/#\/schema\/logo\/image\/\",\"url\":\"https:\/\/carrieres-vmcv.ch\/wp-content\/uploads\/2024\/02\/vmcv-logo-menu@2x.png\",\"contentUrl\":\"https:\/\/carrieres-vmcv.ch\/wp-content\/uploads\/2024\/02\/vmcv-logo-menu@2x.png\",\"width\":136,\"height\":70,\"caption\":\"VMCV\"},\"image\":{\"@id\":\"https:\/\/carrieres-vmcv.ch\/en\/#\/schema\/logo\/image\/\"}}]}<\/script>\n<!-- \/ Yoast SEO plugin. -->","yoast_head_json":{"title":"Bus driver training | VMCV","description":"Join the \"Aspirant Driver\" program to turn your passion for driving into a career as a qualified bus driver.","robots":{"index":"index","follow":"follow","max-snippet":"max-snippet:-1","max-image-preview":"max-image-preview:large","max-video-preview":"max-video-preview:-1"},"canonical":"https:\/\/carrieres-vmcv.ch\/en\/aspiring-driver\/","og_locale":"en_US","og_type":"article","og_title":"Bus driver training | VMCV","og_description":"Join the \"Aspirant Driver\" program to turn your passion for driving into a career as a qualified bus driver.","og_url":"https:\/\/carrieres-vmcv.ch\/en\/aspiring-driver\/","og_site_name":"VMCV","article_modified_time":"2024-09-26T10:09:46+00:00","og_image":[{"url":"https:\/\/carrieres-vmcv.ch\/wp-content\/uploads\/2024\/03\/vmcv-bandeau-programme-aspirant-conducteur@3x-1-scaled.jpg","type":"","width":"","height":""}],"twitter_card":"summary_large_image","twitter_misc":{"Est. reading time":"3 minutes"},"schema":{"@context":"https:\/\/schema.org","@graph":[{"@type":"WebPage","@id":"https:\/\/carrieres-vmcv.ch\/en\/aspiring-driver\/","url":"https:\/\/carrieres-vmcv.ch\/en\/aspiring-driver\/","name":"Bus driver training | VMCV","isPartOf":{"@id":"https:\/\/carrieres-vmcv.ch\/en\/#website"},"primaryImageOfPage":{"@id":"https:\/\/carrieres-vmcv.ch\/en\/aspiring-driver\/#primaryimage"},"image":{"@id":"https:\/\/carrieres-vmcv.ch\/en\/aspiring-driver\/#primaryimage"},"thumbnailUrl":"https:\/\/carrieres-vmcv.ch\/wp-content\/uploads\/2024\/03\/vmcv-bandeau-programme-aspirant-conducteur@3x-1-scaled.jpg","datePublished":"2024-03-12T07:24:49+00:00","dateModified":"2024-09-26T10:09:46+00:00","description":"Join the \"Aspirant Driver\" program to turn your passion for driving into a career as a qualified bus driver.","breadcrumb":{"@id":"https:\/\/carrieres-vmcv.ch\/en\/aspiring-driver\/#breadcrumb"},"inLanguage":"en-US","potentialAction":[{"@type":"ReadAction","target":["https:\/\/carrieres-vmcv.ch\/en\/aspiring-driver\/"]}]},{"@type":"ImageObject","inLanguage":"en-US","@id":"https:\/\/carrieres-vmcv.ch\/en\/aspiring-driver\/#primaryimage","url":"https:\/\/carrieres-vmcv.ch\/wp-content\/uploads\/2024\/03\/vmcv-bandeau-programme-aspirant-conducteur@3x-1-scaled.jpg","contentUrl":"https:\/\/carrieres-vmcv.ch\/wp-content\/uploads\/2024\/03\/vmcv-bandeau-programme-aspirant-conducteur@3x-1-scaled.jpg"},{"@type":"BreadcrumbList","@id":"https:\/\/carrieres-vmcv.ch\/en\/aspiring-driver\/#breadcrumb","itemListElement":[{"@type":"ListItem","position":1,"name":"Accueil","item":"https:\/\/carrieres-vmcv.ch\/en\/"},{"@type":"ListItem","position":2,"name":"Aspiring driver"}]},{"@type":"WebSite","@id":"https:\/\/carrieres-vmcv.ch\/en\/#website","url":"https:\/\/carrieres-vmcv.ch\/en\/","name":"VMCV","description":"","publisher":{"@id":"https:\/\/carrieres-vmcv.ch\/en\/#organization"},"potentialAction":[{"@type":"SearchAction","target":{"@type":"EntryPoint","urlTemplate":"https:\/\/carrieres-vmcv.ch\/en\/?s={search_term_string}"},"query-input":{"@type":"PropertyValueSpecification","valueRequired":true,"valueName":"search_term_string"}}],"inLanguage":"en-US"},{"@type":"Organization","@id":"https:\/\/carrieres-vmcv.ch\/en\/#organization","name":"VMCV","url":"https:\/\/carrieres-vmcv.ch\/en\/","logo":{"@type":"ImageObject","inLanguage":"en-US","@id":"https:\/\/carrieres-vmcv.ch\/en\/#\/schema\/logo\/image\/","url":"https:\/\/carrieres-vmcv.ch\/wp-content\/uploads\/2024\/02\/vmcv-logo-menu@2x.png","contentUrl":"https:\/\/carrieres-vmcv.ch\/wp-content\/uploads\/2024\/02\/vmcv-logo-menu@2x.png","width":136,"height":70,"caption":"VMCV"},"image":{"@id":"https:\/\/carrieres-vmcv.ch\/en\/#\/schema\/logo\/image\/"}}]}},"_links":{"self":[{"href":"https:\/\/carrieres-vmcv.ch\/en\/wp-json\/wp\/v2\/pages\/1188","targetHints":{"allow":["GET"]}}],"collection":[{"href":"https:\/\/carrieres-vmcv.ch\/en\/wp-json\/wp\/v2\/pages"}],"about":[{"href":"https:\/\/carrieres-vmcv.ch\/en\/wp-json\/wp\/v2\/types\/page"}],"author":[{"embeddable":true,"href":"https:\/\/carrieres-vmcv.ch\/en\/wp-json\/wp\/v2\/users\/1"}],"replies":[{"embeddable":true,"href":"https:\/\/carrieres-vmcv.ch\/en\/wp-json\/wp\/v2\/comments?post=1188"}],"version-history":[{"count":9,"href":"https:\/\/carrieres-vmcv.ch\/en\/wp-json\/wp\/v2\/pages\/1188\/revisions"}],"predecessor-version":[{"id":1332,"href":"https:\/\/carrieres-vmcv.ch\/en\/wp-json\/wp\/v2\/pages\/1188\/revisions\/1332"}],"wp:attachment":[{"href":"https:\/\/carrieres-vmcv.ch\/en\/wp-json\/wp\/v2\/media?parent=1188"}],"curies":[{"name":"wp","href":"https:\/\/api.w.org\/{rel}","templated":true}]}}