{"id":1180,"date":"2024-02-22T08:51:08","date_gmt":"2024-02-22T07:51:08","guid":{"rendered":"https:\/\/carrieres-vmcv.ch\/rechtliche-hinweise\/"},"modified":"2024-09-25T14:02:48","modified_gmt":"2024-09-25T12:02:48","slug":"rechtliche-hinweise","status":"publish","type":"page","link":"https:\/\/carrieres-vmcv.ch\/de\/rechtliche-hinweise\/","title":{"rendered":"Rechtliche Hinweise"},"content":{"rendered":"\n<div style=\"height:40px\" aria-hidden=\"true\" class=\"wp-block-spacer  \"><\/div>\n\n<h2 class=\"wp-block-heading  \" style=\"padding-top:var(--wp--preset--spacing--30)\">Allgemeine Informationen<\/h2>\n\n<p class=\"\">Dieses Dokument ist der rechtliche Hinweis f\u00fcr die Nutzung der Website https:\/\/carrieres-vmcv.ch (nachstehend &#8222;die Website&#8220; genannt).\nBitte lesen Sie diese rechtlichen Hinweise sorgf\u00e4ltig durch, bevor Sie die Website aufrufen oder nutzen.\nDurch den Zugriff auf oder die Nutzung der Website erkl\u00e4ren Sie sich damit einverstanden, an diese rechtlichen Hinweise gebunden zu sein.\nWenn Sie diesen Bedingungen nicht zustimmen, stellen Sie die Nutzung der Website bitte sofort ein.   <\/p>\n\n<h2 class=\"wp-block-heading  \" style=\"padding-top:var(--wp--preset--spacing--30)\">Eigent\u00fcmer der Website<\/h2>\n\n<p class=\"\">Die Website ist Eigentum und wird betrieben von VMCV SA (im Folgenden &#8222;der Eigent\u00fcmer&#8220;).\nDie Kontaktdaten des Eigent\u00fcmers sind wie folgt: <\/p>\n\n<p class=\"\">VMCV SA<br\/>Rue du Lac 116, 1815 Clarens VD,  Schweiz<br\/>info@vmcv.ch<\/p>\n\n<h2 class=\"wp-block-heading  \" style=\"padding-top:var(--wp--preset--spacing--30)\">Unterkunft<\/h2>\n\n<p class=\"\">Die Website wird von Infomaniak (im Folgenden &#8222;der Hoster&#8220;) gehostet.\nDie Kontaktdaten des Hosters lauten wie folgt: <\/p>\n\n<p class=\"\">Infomaniak<\/p>\n\n<h2 class=\"wp-block-heading  \" style=\"padding-top:var(--wp--preset--spacing--30)\">Inhalt der Website<\/h2>\n\n<p class=\"\">Alle Marken, Fotografien, Texte, Kommentare, Illustrationen, animierte oder nicht animierte Bilder, Videosequenzen, T\u00f6ne sowie alle Computeranwendungen, die f\u00fcr den Betrieb dieser Website verwendet werden k\u00f6nnen, und ganz allgemein alle auf der Website reproduzierten oder verwendeten Elemente sind durch die geltenden Gesetze zum Schutz des geistigen Eigentums gesch\u00fctzt.<\/p>\n\n<p class=\"\">Sie sind das vollst\u00e4ndige und uneingeschr\u00e4nkte Eigentum des Herausgebers oder seiner Partner.\nJede Vervielf\u00e4ltigung, Pr\u00e4sentation, Nutzung oder Anpassung, in welcher Form auch immer, aller oder eines Teils dieser Elemente, einschlie\u00dflich der Computeranwendungen, ohne die vorherige schriftliche Genehmigung des Herausgebers ist strengstens untersagt.\nDie Tatsache, dass der Herausgeber keine Ma\u00dfnahmen ergreift, sobald er von einer solchen nicht genehmigten Nutzung Kenntnis erlangt hat, bedeutet nicht, dass er diese Nutzung akzeptiert und auf eine Strafverfolgung verzichtet.  <\/p>\n\n<p class=\"\">Der gesamte Inhalt dieser Website darf ohne vorherige schriftliche Genehmigung nicht in irgendeiner Form oder auf irgendeinem Medium verwendet und\/oder vervielf\u00e4ltigt werden.\nDie Logos und Marken auf dieser Website sind gesch\u00fctzt und d\u00fcrfen nicht ohne Genehmigung vervielf\u00e4ltigt oder verwendet werden. <\/p>\n\n<p class=\"\">Die Einrichtung von Hypertext-Links zu dieser Website darf nur mit vorheriger schriftlicher Genehmigung des Herausgebers erfolgen, der keine Verantwortung f\u00fcr den Inhalt von Websites \u00fcbernimmt, die mit dieser Website verkn\u00fcpft sind.<\/p>\n\n<h2 class=\"wp-block-heading  \" style=\"padding-top:var(--wp--preset--spacing--30)\">Pers\u00f6nliche Daten<\/h2>\n\n<p class=\"\">Sie haben das Recht, auf Ihre Daten zuzugreifen, sie zu berichtigen und zu l\u00f6schen.\nSie k\u00f6nnen dieses Recht aus\u00fcben, indem Sie uns einen Brief an die folgende Adresse schicken: info@vmcv.ch. <\/p>\n\n<h2 class=\"wp-block-heading  \" style=\"padding-top:var(--wp--preset--spacing--30)\">Geistiges Eigentum<\/h2>\n\n<p class=\"\">Der gesamte Inhalt dieser Website ist Eigentum des Herausgebers und darf ohne seine vorherige schriftliche Genehmigung nicht in irgendeiner Form oder auf irgendeinem Medium verwendet und\/oder vervielf\u00e4ltigt werden.\nDie Logos und Marken auf dieser Website sind gesch\u00fctzt und d\u00fcrfen nicht ohne Genehmigung vervielf\u00e4ltigt oder verwendet werden. <\/p>\n\n<h2 class=\"wp-block-heading  \" style=\"padding-top:var(--wp--preset--spacing--30)\">Cookies<\/h2>\n\n<p class=\"\">Der Herausgeber beh\u00e4lt sich die M\u00f6glichkeit vor, bei der Anmeldung Cookies an den Computer des Nutzers zu senden.\nDiese Cookies sind Dateien, die es erm\u00f6glichen, Informationen \u00fcber die Navigation des Computers auf der Website zu speichern.\nDer Besucher kann die Speicherung von Cookies verhindern, indem er seinen Computer entsprechend konfiguriert.  <\/p>\n\n<h2 class=\"wp-block-heading  \" style=\"padding-top:var(--wp--preset--spacing--30)\">Verantwortung<\/h2>\n\n<p class=\"\">VMCV SA  \u00fcbernimmt keine Verantwortung f\u00fcr die Nutzung der Informationen auf dieser Website.\nDer Inhalt der Website kann technische Ungenauigkeiten, typografische Fehler oder Auslassungen enthalten.\nDieser Inhalt kann ohne Vorank\u00fcndigung ge\u00e4ndert oder aktualisiert werden.\nDer Eigent\u00fcmer haftet nicht f\u00fcr den Inhalt anderer Websites, die \u00fcber Hyperlinks auf der Website aufgerufen werden k\u00f6nnen.     VMCV SA  kann nicht f\u00fcr direkte oder indirekte Sch\u00e4den haftbar gemacht werden, die sich aus der Verbreitung eines Virus durch Dritte \u00fcber unsere Website ergeben, der das Computersystem oder die Computerkonfiguration des Computers des Nutzers infolge der Verbindung, der Nutzung, der Navigation oder des Herunterladens von dieser Website infizieren kann.<\/p>\n\n<p class=\"\">Der Herausgeber kann nicht haftbar gemacht werden f\u00fcr Fehler, Pannen, Schwierigkeiten oder Betriebsunterbrechungen, die den Zugang zur Website oder zu einer ihrer Funktionen verhindern.<\/p>\n\n<p class=\"\">Sie sind f\u00fcr das Material, das Sie f\u00fcr die Verbindung mit der Website verwenden, verantwortlich.\nSie m\u00fcssen alle geeigneten Ma\u00dfnahmen ergreifen, um Ihr Material und Ihre eigenen Daten zu sch\u00fctzen, insbesondere vor Virenangriffen \u00fcber das Internet.\nDar\u00fcber hinaus sind Sie allein verantwortlich f\u00fcr die Websites und Daten, die Sie aufrufen.  <\/p>\n\n<p class=\"\">Der Herausgeber haftet nicht f\u00fcr rechtliche Schritte gegen Sie:<\/p>\n\n<ul class=\"wp-block-list\">\n<li class=\"\">aufgrund der Nutzung der Webseite oder eines \u00fcber das Internet zug\u00e4nglichen Dienstes<\/li>\n\n\n\n<li class=\"\">aufgrund der Nichteinhaltung der vorliegenden rechtlichen Hinweise durch Sie<\/li>\n<\/ul>\n\n<p class=\"\">Der Herausgeber haftet nicht f\u00fcr Sch\u00e4den, die Ihnen, Dritten und\/oder Ihrer Ausr\u00fcstung durch Ihre Verbindung oder Nutzung der Website entstehen, und Sie verzichten auf jegliche Klage gegen ihn aus diesem Grund.<\/p>\n\n<p class=\"\">Sollte der Herausgeber aufgrund Ihrer Nutzung der Website Gegenstand eines g\u00fctlichen oder gerichtlichen Verfahrens werden, kann er Sie f\u00fcr alle Sch\u00e4den, Betr\u00e4ge, Verurteilungen und Kosten, die sich aus diesem Verfahren ergeben k\u00f6nnten, in Anspruch nehmen.<\/p>\n\n<h2 class=\"wp-block-heading  \" style=\"padding-top:var(--wp--preset--spacing--30)\">Externe Links<\/h2>\n\n<p class=\"\">Die Website kann Links zu den Websites Dritter enthalten.\nDiese Links werden nur zu Informationszwecken bereitgestellt.\nDer Eigent\u00fcmer hat keine Kontrolle \u00fcber den Inhalt dieser Websites und \u00fcbernimmt keine Verantwortung f\u00fcr deren Inhalt, Genauigkeit oder Rechtm\u00e4\u00dfigkeit.\nDie Aufnahme von Links zu Websites Dritter bedeutet keine Billigung oder Verbindung mit diesen Websites.   <\/p>\n\n<h2 class=\"wp-block-heading  \" style=\"padding-top:var(--wp--preset--spacing--30)\">\u00c4nderungen der rechtlichen Hinweise<\/h2>\n\n<p class=\"\">Der Eigent\u00fcmer beh\u00e4lt sich das Recht vor, diese rechtlichen Hinweise jederzeit und ohne Vorank\u00fcndigung zu \u00e4ndern.\nDie \u00c4nderungen treten mit ihrer Ver\u00f6ffentlichung auf der Website in Kraft.\nEs liegt in Ihrer Verantwortung, die rechtlichen Hinweise regelm\u00e4\u00dfig zu \u00fcberpr\u00fcfen, um sich \u00fcber eventuelle \u00c4nderungen auf dem Laufenden zu halten.  <\/p>\n\n<h2 class=\"wp-block-heading  \" style=\"padding-top:var(--wp--preset--spacing--30)\">Anwendbares Recht und Gerichtsbarkeit<\/h2>\n\n<p class=\"\">Die vorliegenden rechtlichen Hinweise unterliegen den geltenden Gesetzen von Schweiz.\nAlle Streitigkeiten, die sich aus der Nutzung der Website ergeben, unterliegen der ausschlie\u00dflichen Zust\u00e4ndigkeit der zust\u00e4ndigen Gerichte von Schweiz. <\/p>\n\n<p class=\"\">Wenn Sie Fragen zu diesen rechtlichen Hinweisen haben, kontaktieren Sie uns bitte unter der folgenden E-Mail-Adresse: info@vmcv.ch.<\/p>\n\n<p class=\"\">Zuletzt aktualisiert: 25 September 2024.<\/p>\n\n<div style=\"height:50px\" aria-hidden=\"true\" class=\"wp-block-spacer  \"><\/div>\n","protected":false},"excerpt":{"rendered":"<p>Allgemeine Informationen Dieses Dokument ist der rechtliche Hinweis f\u00fcr die Nutzung der Website (nachstehend &#8222;die Website&#8220; genannt). Bitte lesen Sie diese rechtlichen Hinweise sorgf\u00e4ltig durch, bevor Sie die Website aufrufen oder nutzen. Durch den Zugriff auf oder die Nutzung der Website erkl\u00e4ren Sie sich damit einverstanden, an diese rechtlichen Hinweise gebunden zu sein. Wenn Sie [&hellip;]<\/p>\n","protected":false},"author":1,"featured_media":0,"parent":0,"menu_order":0,"comment_status":"closed","ping_status":"closed","template":"","meta":{"_habefastfse_class":"","footnotes":""},"class_list":["post-1180","page","type-page","status-publish","hentry"],"yoast_head":"<!-- This site is optimized with the Yoast SEO plugin v25.8 - https:\/\/yoast.com\/wordpress\/plugins\/seo\/ -->\n<title>Rechtliche Hinweise - VMCV<\/title>\n<meta name=\"robots\" content=\"noindex, nofollow\" \/>\n<meta property=\"og:locale\" content=\"de_DE\" \/>\n<meta property=\"og:type\" content=\"article\" \/>\n<meta property=\"og:title\" content=\"Rechtliche Hinweise - VMCV\" \/>\n<meta property=\"og:description\" content=\"Allgemeine Informationen Dieses Dokument ist der rechtliche Hinweis f\u00fcr die Nutzung der Website (nachstehend &#8222;die Website&#8220; genannt). Bitte lesen Sie diese rechtlichen Hinweise sorgf\u00e4ltig durch, bevor Sie die Website aufrufen oder nutzen. Durch den Zugriff auf oder die Nutzung der Website erkl\u00e4ren Sie sich damit einverstanden, an diese rechtlichen Hinweise gebunden zu sein. Wenn Sie [&hellip;]\" \/>\n<meta property=\"og:url\" content=\"https:\/\/carrieres-vmcv.ch\/de\/rechtliche-hinweise\/\" \/>\n<meta property=\"og:site_name\" content=\"VMCV\" \/>\n<meta property=\"article:modified_time\" content=\"2024-09-25T12:02:48+00:00\" \/>\n<meta name=\"twitter:card\" content=\"summary_large_image\" \/>\n<meta name=\"twitter:label1\" content=\"Gesch\u00e4tzte Lesezeit\" \/>\n\t<meta name=\"twitter:data1\" content=\"5\u00a0Minuten\" \/>\n<script type=\"application\/ld+json\" class=\"yoast-schema-graph\">{\"@context\":\"https:\/\/schema.org\",\"@graph\":[{\"@type\":\"WebPage\",\"@id\":\"https:\/\/carrieres-vmcv.ch\/de\/rechtliche-hinweise\/\",\"url\":\"https:\/\/carrieres-vmcv.ch\/de\/rechtliche-hinweise\/\",\"name\":\"Rechtliche Hinweise - VMCV\",\"isPartOf\":{\"@id\":\"https:\/\/carrieres-vmcv.ch\/de\/#website\"},\"datePublished\":\"2024-02-22T07:51:08+00:00\",\"dateModified\":\"2024-09-25T12:02:48+00:00\",\"breadcrumb\":{\"@id\":\"https:\/\/carrieres-vmcv.ch\/de\/rechtliche-hinweise\/#breadcrumb\"},\"inLanguage\":\"de\",\"potentialAction\":[{\"@type\":\"ReadAction\",\"target\":[\"https:\/\/carrieres-vmcv.ch\/de\/rechtliche-hinweise\/\"]}]},{\"@type\":\"BreadcrumbList\",\"@id\":\"https:\/\/carrieres-vmcv.ch\/de\/rechtliche-hinweise\/#breadcrumb\",\"itemListElement\":[{\"@type\":\"ListItem\",\"position\":1,\"name\":\"Accueil\",\"item\":\"https:\/\/carrieres-vmcv.ch\/de\/\"},{\"@type\":\"ListItem\",\"position\":2,\"name\":\"Rechtliche Hinweise\"}]},{\"@type\":\"WebSite\",\"@id\":\"https:\/\/carrieres-vmcv.ch\/de\/#website\",\"url\":\"https:\/\/carrieres-vmcv.ch\/de\/\",\"name\":\"VMCV\",\"description\":\"\",\"publisher\":{\"@id\":\"https:\/\/carrieres-vmcv.ch\/de\/#organization\"},\"potentialAction\":[{\"@type\":\"SearchAction\",\"target\":{\"@type\":\"EntryPoint\",\"urlTemplate\":\"https:\/\/carrieres-vmcv.ch\/de\/?s={search_term_string}\"},\"query-input\":{\"@type\":\"PropertyValueSpecification\",\"valueRequired\":true,\"valueName\":\"search_term_string\"}}],\"inLanguage\":\"de\"},{\"@type\":\"Organization\",\"@id\":\"https:\/\/carrieres-vmcv.ch\/de\/#organization\",\"name\":\"VMCV\",\"url\":\"https:\/\/carrieres-vmcv.ch\/de\/\",\"logo\":{\"@type\":\"ImageObject\",\"inLanguage\":\"de\",\"@id\":\"https:\/\/carrieres-vmcv.ch\/de\/#\/schema\/logo\/image\/\",\"url\":\"https:\/\/carrieres-vmcv.ch\/wp-content\/uploads\/2024\/02\/vmcv-logo-menu@2x.png\",\"contentUrl\":\"https:\/\/carrieres-vmcv.ch\/wp-content\/uploads\/2024\/02\/vmcv-logo-menu@2x.png\",\"width\":136,\"height\":70,\"caption\":\"VMCV\"},\"image\":{\"@id\":\"https:\/\/carrieres-vmcv.ch\/de\/#\/schema\/logo\/image\/\"}}]}<\/script>\n<!-- \/ Yoast SEO plugin. -->","yoast_head_json":{"title":"Rechtliche Hinweise - VMCV","robots":{"index":"noindex","follow":"nofollow"},"og_locale":"de_DE","og_type":"article","og_title":"Rechtliche Hinweise - VMCV","og_description":"Allgemeine Informationen Dieses Dokument ist der rechtliche Hinweis f\u00fcr die Nutzung der Website (nachstehend &#8222;die Website&#8220; genannt). Bitte lesen Sie diese rechtlichen Hinweise sorgf\u00e4ltig durch, bevor Sie die Website aufrufen oder nutzen. Durch den Zugriff auf oder die Nutzung der Website erkl\u00e4ren Sie sich damit einverstanden, an diese rechtlichen Hinweise gebunden zu sein. Wenn Sie [&hellip;]","og_url":"https:\/\/carrieres-vmcv.ch\/de\/rechtliche-hinweise\/","og_site_name":"VMCV","article_modified_time":"2024-09-25T12:02:48+00:00","twitter_card":"summary_large_image","twitter_misc":{"Gesch\u00e4tzte Lesezeit":"5\u00a0Minuten"},"schema":{"@context":"https:\/\/schema.org","@graph":[{"@type":"WebPage","@id":"https:\/\/carrieres-vmcv.ch\/de\/rechtliche-hinweise\/","url":"https:\/\/carrieres-vmcv.ch\/de\/rechtliche-hinweise\/","name":"Rechtliche Hinweise - VMCV","isPartOf":{"@id":"https:\/\/carrieres-vmcv.ch\/de\/#website"},"datePublished":"2024-02-22T07:51:08+00:00","dateModified":"2024-09-25T12:02:48+00:00","breadcrumb":{"@id":"https:\/\/carrieres-vmcv.ch\/de\/rechtliche-hinweise\/#breadcrumb"},"inLanguage":"de","potentialAction":[{"@type":"ReadAction","target":["https:\/\/carrieres-vmcv.ch\/de\/rechtliche-hinweise\/"]}]},{"@type":"BreadcrumbList","@id":"https:\/\/carrieres-vmcv.ch\/de\/rechtliche-hinweise\/#breadcrumb","itemListElement":[{"@type":"ListItem","position":1,"name":"Accueil","item":"https:\/\/carrieres-vmcv.ch\/de\/"},{"@type":"ListItem","position":2,"name":"Rechtliche Hinweise"}]},{"@type":"WebSite","@id":"https:\/\/carrieres-vmcv.ch\/de\/#website","url":"https:\/\/carrieres-vmcv.ch\/de\/","name":"VMCV","description":"","publisher":{"@id":"https:\/\/carrieres-vmcv.ch\/de\/#organization"},"potentialAction":[{"@type":"SearchAction","target":{"@type":"EntryPoint","urlTemplate":"https:\/\/carrieres-vmcv.ch\/de\/?s={search_term_string}"},"query-input":{"@type":"PropertyValueSpecification","valueRequired":true,"valueName":"search_term_string"}}],"inLanguage":"de"},{"@type":"Organization","@id":"https:\/\/carrieres-vmcv.ch\/de\/#organization","name":"VMCV","url":"https:\/\/carrieres-vmcv.ch\/de\/","logo":{"@type":"ImageObject","inLanguage":"de","@id":"https:\/\/carrieres-vmcv.ch\/de\/#\/schema\/logo\/image\/","url":"https:\/\/carrieres-vmcv.ch\/wp-content\/uploads\/2024\/02\/vmcv-logo-menu@2x.png","contentUrl":"https:\/\/carrieres-vmcv.ch\/wp-content\/uploads\/2024\/02\/vmcv-logo-menu@2x.png","width":136,"height":70,"caption":"VMCV"},"image":{"@id":"https:\/\/carrieres-vmcv.ch\/de\/#\/schema\/logo\/image\/"}}]}},"_links":{"self":[{"href":"https:\/\/carrieres-vmcv.ch\/de\/wp-json\/wp\/v2\/pages\/1180","targetHints":{"allow":["GET"]}}],"collection":[{"href":"https:\/\/carrieres-vmcv.ch\/de\/wp-json\/wp\/v2\/pages"}],"about":[{"href":"https:\/\/carrieres-vmcv.ch\/de\/wp-json\/wp\/v2\/types\/page"}],"author":[{"embeddable":true,"href":"https:\/\/carrieres-vmcv.ch\/de\/wp-json\/wp\/v2\/users\/1"}],"replies":[{"embeddable":true,"href":"https:\/\/carrieres-vmcv.ch\/de\/wp-json\/wp\/v2\/comments?post=1180"}],"version-history":[{"count":1,"href":"https:\/\/carrieres-vmcv.ch\/de\/wp-json\/wp\/v2\/pages\/1180\/revisions"}],"predecessor-version":[{"id":1182,"href":"https:\/\/carrieres-vmcv.ch\/de\/wp-json\/wp\/v2\/pages\/1180\/revisions\/1182"}],"wp:attachment":[{"href":"https:\/\/carrieres-vmcv.ch\/de\/wp-json\/wp\/v2\/media?parent=1180"}],"curies":[{"name":"wp","href":"https:\/\/api.w.org\/{rel}","templated":true}]}}